{"id":1439,"date":"2022-03-08T09:54:33","date_gmt":"2022-03-08T08:54:33","guid":{"rendered":"https:\/\/wdmab.se\/?page_id=1439"},"modified":"2022-03-11T11:40:09","modified_gmt":"2022-03-11T10:40:09","slug":"gdpr","status":"publish","type":"page","link":"https:\/\/wdmab.se\/en\/gdpr\/","title":{"rendered":"Privacy Policy"},"content":{"rendered":"<div data-elementor-type=\"wp-page\" data-elementor-id=\"1439\" class=\"elementor elementor-1439\" data-elementor-settings=\"[]\">\n\t\t\t\t\t\t<div class=\"elementor-inner\">\n\t\t\t\t\t\t\t<div class=\"elementor-section-wrap\">\n\t\t\t\t\t\t\t<section class=\"elementor-section elementor-top-section elementor-element elementor-element-0157cb1 elementor-section-stretched elementor-section-boxed elementor-section-height-default elementor-section-height-default\" data-id=\"0157cb1\" data-element_type=\"section\" data-settings=\"{&quot;background_background&quot;:&quot;classic&quot;,&quot;stretch_section&quot;:&quot;section-stretched&quot;}\">\n\t\t\t\t\t\t\t<div class=\"elementor-background-overlay\"><\/div>\n\t\t\t\t\t\t\t<div class=\"elementor-container elementor-column-gap-default\">\n\t\t\t\t\t\t\t<div class=\"elementor-row\">\n\t\t\t\t\t<div class=\"elementor-column elementor-col-100 elementor-top-column elementor-element elementor-element-26b926f\" data-id=\"26b926f\" data-element_type=\"column\">\n\t\t\t<div class=\"elementor-column-wrap\">\n\t\t\t\t\t\t\t<div class=\"elementor-widget-wrap\">\n\t\t\t\t\t\t\t\t<\/div>\n\t\t\t\t\t<\/div>\n\t\t<\/div>\n\t\t\t\t\t\t\t\t<\/div>\n\t\t\t\t\t<\/div>\n\t\t<\/section>\n\t\t\t\t<section class=\"elementor-section elementor-top-section elementor-element elementor-element-5c06330 elementor-section-boxed elementor-section-height-default elementor-section-height-default\" data-id=\"5c06330\" data-element_type=\"section\">\n\t\t\t\t\t\t<div class=\"elementor-container elementor-column-gap-default\">\n\t\t\t\t\t\t\t<div class=\"elementor-row\">\n\t\t\t\t\t<div class=\"elementor-column elementor-col-100 elementor-top-column elementor-element elementor-element-2fe49c5\" data-id=\"2fe49c5\" data-element_type=\"column\">\n\t\t\t<div class=\"elementor-column-wrap elementor-element-populated\">\n\t\t\t\t\t\t\t<div class=\"elementor-widget-wrap\">\n\t\t\t\t\t\t<div class=\"elementor-element elementor-element-b6d777f elementor-widget elementor-widget-heading\" data-id=\"b6d777f\" data-element_type=\"widget\" data-widget_type=\"heading.default\">\n\t\t\t\t<div class=\"elementor-widget-container\">\n\t\t\t<h1 class=\"elementor-heading-title elementor-size-default\">Privacy Policy<\/h1>\t\t<\/div>\n\t\t\t\t<\/div>\n\t\t\t\t<div class=\"elementor-element elementor-element-b15cb38 elementor-widget elementor-widget-text-editor\" data-id=\"b15cb38\" data-element_type=\"widget\" data-widget_type=\"text-editor.default\">\n\t\t\t\t<div class=\"elementor-widget-container\">\n\t\t\t\t\t\t\t\t<div class=\"elementor-text-editor elementor-clearfix\">\n\t\t\t\t<div class=\"foo\"><p>West Digital Management AB, corporate identity number 556712-9142, Torget 6B, 749 52 Grillby, hereinafter referred to as \"WDMAB\", is responsible for personal data for the personal data you provide to us and is responsible for processing these. This means, among other things, that WDMAB:<\/p><p>\u2022 Handles customer data according to the General Data Protection Regulation, also called GDPR.<br \/>\u2022 Does not request more information than necessary for our customers to enter an agreement with us.<br \/>\u2022 Does not request more information than necessary to deliver the service that our customers have ordered.<br \/>\u2022 Only transfers customer information to subcontractors that are approved by us, and only for the purpose of being able to deliver a service and for billing.<br \/>\u2022 Only keeps necessary information about customers as long as they are our customers. Billing and certain financial data are securely stored with us for a longer period when it is governed by the Accounting Act.<br \/>\u2022 Deletes IP-address logs within 24 hours.<\/p><h3>WDMAB handles the following data<\/h3><p><strong>Customer:<\/strong> Information that is associated with our customers contract and their service with us such as name, address, e-mail address, telephone number, social security number, IP-address the order was made from.<\/p><p><strong>Traffic data:<\/strong> Information necessary for the transmission of data in an electronic communication network.<\/p><p>Please note! Traffic data is not content, but data describing the transfer such as IP logs, email logs and call history if you have telephony with us.<\/p><h3>Customer data is gathered from<\/h3><p>Any information customers provide when they order a service, or when they submit a fault report, or if they want to receive offers from us.<br \/>When you visit our website, as well as when you call, text message or send us an e-mail.<br \/>Publicly available personal data registers such as SPAR, credit assessment as UC and<br \/>Call history - if you have telephony with us.<\/p><h3>What is customer data needed for?<\/h3><p>GDPR's rules for lawful handling of personal data are as follows:<br \/>\u2013 The data subject has given his\/her consent to the processing of his\/her personal data for one or more specific purpose\/s.<br \/>\u2013 Processing is necessary for the performance of a contract in which the data subject is party or to take action at the request of the data subject prior to the conclusion of such an agreement.<br \/>\u2013 Processing is necessary for the performance of a legal obligation which is the responsibility of the Controller.<br \/>\u2013 Processing is necessary to protect interests that are of fundamental importance to the data subject or to another person.<br \/>\u2013 Processing is necessary for the performance of a task carried out in the public interest or as part of the exercise of the Controller authority.<br \/>\u2013 Processing is necessary for purposes relating to the legitimate interests of the Controller or of a third party, unless the interests or fundamental rights and freedoms of the data subject are heavier and require the protection of Personal data, in particular where the data subject is a child.<\/p><h3>Delivery of service<\/h3><p>We need our customers personal information in order to deliver the service that they have ordered from us, or to complete our agreement regarding the delivery of services and products and to ensure the operation and support of our services. We also need customers information for billing services, credit information purposes, to report complaints and to help with questions about their service with our customer service.<\/p><p>Without access to customers personal information in this regard, we may not provide our services to them.<\/p><h3>How long do we keep customer data<\/h3><p>We will save our customers data as long as they are customers, and we will send it to our authorized subcontractors to deliver service as well as for debugging. Some data is kept longer depending on what the data needs to be used for and our obligations under the law.<br \/>Once a customer has annulled their customer relationship with us, their information will remain with us for 1 year. In order for the information to be as secure as possible during this time, we will \"lock\" the customer profile and limit access to it after 6 months, and after another 6 months, we will delete all information we have about the customer.<\/p><h3>Customer data with our partners<\/h3><h3>Subcontractors<\/h3><p>In order to deliver our services, we use subcontractors in some cases. This means that they also need some of the information that a customer have provided to us.<br \/>Our subcontractors may not use the information about our customers for any other purpose than to provide the service or under the terms we specify.<br \/>Examples of our subcontractors include: Stadsn\u00e4t, Hayden (invoicing) och entrepreneurs.<\/p><h3>Non-EU countries<\/h3><p>If we need to use subcontractors that have parts of their business outside Sweden or outside the EU\/EEA, we will take appropriate precautions and ensure that the transmitted data is handled in a safe manner and in accordance with applicable law.<\/p><h3>Authorities<\/h3><p>We are obliged to disclose data to authorities such as the police and SOS Alarm, at the request of law and government decisions.<\/p><h3>How we protect customer data<\/h3><p>We handle our customer data with extreme care. ALL interaction between us and our subcontractors that contains data is encrypted or made through portals secured with SSL.<br \/>APIs to other systems only send minimal information. Instead of personal data we use customer numbers, and service IDs instead of names or social security numbers, etc. with all subcontractors.<\/p><h3>Customers rights<\/h3><p><strong>Right of access:<\/strong> Customers have the right to know what personal information we have about them and how we handle it, and they may access it free of charge. The data subject makes a request for information in electronic format, and the information shall be provided in an electronic format which is generally known, if the data subject does not request otherwise.<br \/><strong>Right to rectification:<\/strong> We are responsible to ensure that the personal information we handle about a customer is accurate and up-to-date. If a customer notices an error, they have the right to request rectification of this information.<br \/><strong>Right to erasure:<\/strong> Under certain circumstances a customer has the right to have his\/her personal data deleted. This is applied in the following situations:<br \/>\u2022 If the personal data is no longer needed for the purpose\/purposes for which they have been collected.<br \/>\u2022 If the data has been collected solely on the basis of consent from a customer and they wish to revoke that consent.<br \/>\u2022 If a customer disagrees with the handling of data for direct marketing purposes.<br \/>\u2022 If a customer believes that the personal data, after a balance of interests, does not meet legitimate reasons that outweigh the interest or fundamental rights and freedoms.<br \/><strong>Right of objection:<\/strong> Right to object the processing of personal data provided by Bahnhof on the basis of a balancing of interests. We need to receive the treatment a customer is opposed to. Then we will only continue to deal with the data if there are compelling legitimate reasons for the personal data to be processed and if these outweigh the customers interests. For marketing purposes, a customer is always entitled to oppose the processing of personal data.<br \/>Right of limitation: Our customers may limit our processing of their personal data if they dispute the accuracy of the data, if the processing is illegal or if the data is not required for the purpose of the processing.<\/p><h3>Data to develop services<\/h3><p>In order to improve and develop our products, services and networks, customers traffic data may be needed for statistics and\/or analysis. The data used for these purposes will be anonymized.<\/p><h3>News and Offers<\/h3><p>If a customer wants to receive news and offers from us, they must give their consent before we may contact the customer for that purpose. When a customer has given their consent, we may contact them by post, SMS, phone, email, My Pages at WDMAB.SE or any other way they have accepted.<\/p><h3>Security of information and to prevent abuse of services<\/h3><p>We process data in order to ensure the security of our services and communication networks, to detect or prevent any kind of illegal use or use that otherwise violates the terms of the service.<br \/>We also process this data to prevent misuse of networks and services and to detect and prevent fraud, virus attacks, and other potential threats.<\/p><h3>Law and dispute<\/h3><p>Agreements and disputes must be interpreted and applied in accordance with Swedish law.<br \/>In the event of a dispute between Bahnhof and the customer, the Parties shall seek to agree first. Disputes arising from interpretation and application shall ultimately be settled in the ordinary courts.<\/p><p>Contact us to exercise your rights<\/p><p>Contact us if you would like to request extracts of your personal data, if you would like to correct or delete your personal data or if you would like to revoke submitted consents.<\/p><p><strong>Personal Data Manager<\/strong><br \/>West Digital Management AB<br \/>Org number: 556712-9142<br \/>Torget 6B<br \/>SE-749 52 Grillby, SWEDEN<br \/>Phone: +46-8-122 505 809<br \/>E-mail: info@wdmab.se<\/p><p>This privacy policy was last updated: 2022-03-07.<\/p><\/div>\t\t\t\t\t<\/div>\n\t\t\t\t\t\t<\/div>\n\t\t\t\t<\/div>\n\t\t\t\t\t\t<\/div>\n\t\t\t\t\t<\/div>\n\t\t<\/div>\n\t\t\t\t\t\t\t\t<\/div>\n\t\t\t\t\t<\/div>\n\t\t<\/section>\n\t\t\t\t\t\t<\/div>\n\t\t\t\t\t\t<\/div>\n\t\t\t\t\t<\/div>","protected":false},"excerpt":{"rendered":"<p>Integritetspolicy West Digital Management AB, orgnr 556712-9142, Torget 6B, 749 52 Grillby, h\u00e4danefter kallat &#8221;WDMAB&#8221;, \u00e4r personuppgiftsansvarig f\u00f6r de personuppgifter du l\u00e4mnar till oss och ansvarar f\u00f6r behandling av dessa. Det inneb\u00e4r bland annat att WDMAB: \u2022 Hanterar dina personliga uppgifter enligt dataskyddsf\u00f6rordningen, \u00e4ven kallad GDPR. \u2022 Inte beg\u00e4r mer information \u00e4n vad som beh\u00f6vs &hellip;<\/p>\n<p class=\"read-more\"> <a class=\"\" href=\"https:\/\/wdmab.se\/en\/gdpr\/\"> <span class=\"screen-reader-text\">Privacy Policy<\/span> Read More &raquo;<\/a><\/p>","protected":false},"author":1,"featured_media":0,"parent":0,"menu_order":0,"comment_status":"closed","ping_status":"closed","template":"elementor_header_footer","meta":{"site-sidebar-layout":"no-sidebar","site-content-layout":"plain-container","ast-main-header-display":"","ast-hfb-above-header-display":"","ast-hfb-below-header-display":"","ast-hfb-mobile-header-display":"","site-post-title":"disabled","ast-breadcrumbs-content":"","ast-featured-img":"disabled","footer-sml-layout":"","theme-transparent-header-meta":"enabled","adv-header-id-meta":"","stick-header-meta":"","header-above-stick-meta":"","header-main-stick-meta":"","header-below-stick-meta":""},"_links":{"self":[{"href":"https:\/\/wdmab.se\/en\/wp-json\/wp\/v2\/pages\/1439"}],"collection":[{"href":"https:\/\/wdmab.se\/en\/wp-json\/wp\/v2\/pages"}],"about":[{"href":"https:\/\/wdmab.se\/en\/wp-json\/wp\/v2\/types\/page"}],"author":[{"embeddable":true,"href":"https:\/\/wdmab.se\/en\/wp-json\/wp\/v2\/users\/1"}],"replies":[{"embeddable":true,"href":"https:\/\/wdmab.se\/en\/wp-json\/wp\/v2\/comments?post=1439"}],"version-history":[{"count":20,"href":"https:\/\/wdmab.se\/en\/wp-json\/wp\/v2\/pages\/1439\/revisions"}],"predecessor-version":[{"id":1475,"href":"https:\/\/wdmab.se\/en\/wp-json\/wp\/v2\/pages\/1439\/revisions\/1475"}],"wp:attachment":[{"href":"https:\/\/wdmab.se\/en\/wp-json\/wp\/v2\/media?parent=1439"}],"curies":[{"name":"wp","href":"https:\/\/api.w.org\/{rel}","templated":true}]}}